{"id":129,"date":"2023-03-12T14:42:53","date_gmt":"2023-03-12T14:42:53","guid":{"rendered":"http:\/\/www.kozmetika-lea.si\/salon\/?page_id=129"},"modified":"2023-03-12T16:54:52","modified_gmt":"2023-03-12T16:54:52","slug":"reiki-masaze","status":"publish","type":"page","link":"http:\/\/www.kozmetika-lea.si\/salon\/?page_id=129","title":{"rendered":"Reiki masa\u017ee"},"content":{"rendered":"\n<div class=\"wp-block-group alignfull has-background\" style=\"background-color:#f8f4e4\"><div class=\"wp-block-group__inner-container is-layout-flow wp-block-group-is-layout-flow\">\n<div class=\"wp-block-columns alignwide is-layout-flex wp-container-core-columns-is-layout-9d6595d7 wp-block-columns-is-layout-flex\">\n<div class=\"wp-block-column is-layout-flow wp-block-column-is-layout-flow\"><\/div>\n\n\n\n<div class=\"wp-block-column is-layout-flow wp-block-column-is-layout-flow\"><\/div>\n<\/div>\n\n\n\n<div class=\"wp-block-columns alignwide is-layout-flex wp-container-core-columns-is-layout-9d6595d7 wp-block-columns-is-layout-flex\">\n<div class=\"wp-block-column is-layout-flow wp-block-column-is-layout-flow\" style=\"flex-basis:33.38%\">\n<p>Reiki masa\u017ea je idealno zdru\u017een sistem tehnik klasi\u010dne masa\u017ee in tehnik reikija. Odstranjuje tako fizi\u010dne, kot energetske blokade in zagotavlja nemoten pretok energije v telesu. Telo je po reiki masa\u017ei spro\u0161\u010deno in pripravljeno na samozdravljenje. Primerna je za \u0161portnike, rekonvalescente po po\u0161kodbah in operacijah in vse tiste, ki si \u017eelijo sprostitve, ve\u010d \u017eivljenjske energije in mirnost duha.<\/p>\n\n\n\n<p>Reiki pomeni univerzalno, vseobsegajo\u010do \u017eivljenjsko energijo.<\/p>\n\n\n\n<p>Je zelo enostaven na\u010din zdravljenja s polaganjem rok nase ali na drugo osebo, \u017eival, rastlino z namenom prevajanja reikija. Terapevt (beseda pomeni tistega, ki spremlja nekoga na poti) je predvsem Kanal ali Prevodnik te energije. Na lastnost te energije, v kateri je skrita inteligenca vesolja, na sre\u010do ne moremo vplivati in prav tako ne na na\u010din njenega delovanja.<\/p>\n\n\n\n<p><\/p>\n<\/div>\n\n\n\n<div class=\"wp-block-column is-layout-flow wp-block-column-is-layout-flow\" style=\"flex-basis:33%\">\n<div style=\"height:100px\" aria-hidden=\"true\" class=\"wp-block-spacer\"><\/div>\n\n\n\n<figure class=\"wp-block-image size-large\"><img decoding=\"async\" src=\"https:\/\/s.w.org\/images\/core\/5.8\/outside-01.jpg\" alt=\"The sun setting through a dense forest.\"\/><\/figure>\n<\/div>\n\n\n\n<div class=\"wp-block-column is-layout-flow wp-block-column-is-layout-flow\" style=\"flex-basis:33.62%\">\n<figure class=\"wp-block-image size-large\"><img decoding=\"async\" src=\"https:\/\/s.w.org\/images\/core\/5.8\/outside-02.jpg\" alt=\"Wind turbines standing on a grassy plain, against a blue sky.\"\/><\/figure>\n<\/div>\n<\/div>\n\n\n\n<div class=\"wp-block-columns alignwide is-layout-flex wp-container-core-columns-is-layout-9d6595d7 wp-block-columns-is-layout-flex\">\n<div class=\"wp-block-column is-layout-flow wp-block-column-is-layout-flow\" style=\"flex-basis:67%\"><div class=\"wp-block-image\">\n<figure class=\"alignright size-large\"><img loading=\"lazy\" decoding=\"async\" width=\"1024\" height=\"683\" src=\"http:\/\/www.kozmetika-lea.si\/salon\/wp-content\/uploads\/2023\/03\/shutterstock_1303664800-1024x683.jpg\" alt=\"\" class=\"wp-image-27\" srcset=\"http:\/\/www.kozmetika-lea.si\/salon\/wp-content\/uploads\/2023\/03\/shutterstock_1303664800-1024x683.jpg 1024w, http:\/\/www.kozmetika-lea.si\/salon\/wp-content\/uploads\/2023\/03\/shutterstock_1303664800-300x200.jpg 300w, http:\/\/www.kozmetika-lea.si\/salon\/wp-content\/uploads\/2023\/03\/shutterstock_1303664800-768x512.jpg 768w, http:\/\/www.kozmetika-lea.si\/salon\/wp-content\/uploads\/2023\/03\/shutterstock_1303664800-1536x1025.jpg 1536w, http:\/\/www.kozmetika-lea.si\/salon\/wp-content\/uploads\/2023\/03\/shutterstock_1303664800.jpg 2000w\" sizes=\"auto, (max-width: 1024px) 100vw, 1024px\" \/><\/figure>\n<\/div><\/div>\n\n\n\n<div class=\"wp-block-column is-vertically-aligned-center is-layout-flow wp-block-column-is-layout-flow\" style=\"flex-basis:33%\">\n<p>Med izvajanjem reikija ob\u010dutimo notranje ravnovesje in bla\u017eenost ali pa vsaj \u010dutimo, da se dogaja nekaj lepega, pomirjujo\u010dega. Zna\u010dilna je toplota reikija, ki se lahko fizi\u010dno zazna. Za izvajanje reikija ni potrebna posebna vera ali prepri\u010danje, na vsakogar deluje enako u\u010dinkovito.<\/p>\n\n\n\n<p>Reiki na zelo mehek na\u010din bla\u017ei razli\u010dne te\u017eave ali travme.<\/p>\n\n\n\n<p>Izku\u0161nja reikija je izku\u0161nja komunikacije ljubezni z vsem kar obstaja. \u017de od rojstva instinktivno zaznavamo, da ugodje prihaja od ljube\u010dega dotika druge osebe.<\/p>\n\n\n\n<p>Oseba, ki prevaja reiki se nikoli ne iz\u010drpa, ker energija isto\u010dasno pre\u017eema tako zdravljenca kot zdravitelja. Energije je v izobilju za vsakogar.<\/p>\n<\/div>\n<\/div>\n<\/div><\/div>\n","protected":false},"excerpt":{"rendered":"<p>Reiki masa\u017ea je idealno zdru\u017een sistem tehnik klasi\u010dne masa\u017ee in tehnik reikija. Odstranjuje tako fizi\u010dne, kot energetske blokade in zagotavlja nemoten pretok energije v telesu. Telo je po reiki masa\u017ei spro\u0161\u010deno in pripravljeno na samozdravljenje. Primerna je za \u0161portnike, rekonvalescente po po\u0161kodbah in operacijah in vse tiste, ki si \u017eelijo sprostitve, ve\u010d \u017eivljenjske energije in [&hellip;]<\/p>\n","protected":false},"author":1,"featured_media":0,"parent":0,"menu_order":0,"comment_status":"closed","ping_status":"closed","template":"","meta":{"footnotes":""},"class_list":["post-129","page","type-page","status-publish","hentry"],"_links":{"self":[{"href":"http:\/\/www.kozmetika-lea.si\/salon\/index.php?rest_route=\/wp\/v2\/pages\/129","targetHints":{"allow":["GET"]}}],"collection":[{"href":"http:\/\/www.kozmetika-lea.si\/salon\/index.php?rest_route=\/wp\/v2\/pages"}],"about":[{"href":"http:\/\/www.kozmetika-lea.si\/salon\/index.php?rest_route=\/wp\/v2\/types\/page"}],"author":[{"embeddable":true,"href":"http:\/\/www.kozmetika-lea.si\/salon\/index.php?rest_route=\/wp\/v2\/users\/1"}],"replies":[{"embeddable":true,"href":"http:\/\/www.kozmetika-lea.si\/salon\/index.php?rest_route=%2Fwp%2Fv2%2Fcomments&post=129"}],"version-history":[{"count":11,"href":"http:\/\/www.kozmetika-lea.si\/salon\/index.php?rest_route=\/wp\/v2\/pages\/129\/revisions"}],"predecessor-version":[{"id":155,"href":"http:\/\/www.kozmetika-lea.si\/salon\/index.php?rest_route=\/wp\/v2\/pages\/129\/revisions\/155"}],"wp:attachment":[{"href":"http:\/\/www.kozmetika-lea.si\/salon\/index.php?rest_route=%2Fwp%2Fv2%2Fmedia&parent=129"}],"curies":[{"name":"wp","href":"https:\/\/api.w.org\/{rel}","templated":true}]}}