{"id":139,"date":"2023-03-12T14:56:37","date_gmt":"2023-03-12T14:56:37","guid":{"rendered":"http:\/\/www.kozmetika-lea.si\/salon\/?page_id=139"},"modified":"2023-04-04T15:58:11","modified_gmt":"2023-04-04T15:58:11","slug":"limfna-drenaza","status":"publish","type":"page","link":"http:\/\/www.kozmetika-lea.si\/salon\/?page_id=139","title":{"rendered":"Limfna drena\u017ea"},"content":{"rendered":"\n<div class=\"wp-block-columns alignwide is-layout-flex wp-container-core-columns-is-layout-9d6595d7 wp-block-columns-is-layout-flex\">\n<div class=\"wp-block-column is-layout-flow wp-block-column-is-layout-flow\" style=\"flex-basis:33.38%\">\n<p>Na\u0161a ponudba vklju\u010duje ro\u010dno in strojno limfno drena\u017eo in refleksno masa\u017eo stopal. Limfna drena\u017ea krepi imunski sistem in deluje anti-stresno. Stranski u\u010dinki so lahko zaspanost in pove\u010dano delovanje mehurja, kar pa ni ni\u010d slabega, saj se s tem telo \u010disti.<\/p>\n\n\n\n<p>Je zelo enostaven na\u010din zdravljenja s polaganjem rok nase ali na drugo osebo, \u017eival, rastlino z namenom prevajanja reikija. Terapevt (beseda pomeni tistega, ki spremlja nekoga na poti) je predvsem Kanal ali Prevodnik te energije. Na lastnost te energije, v kateri je skrita inteligenca vesolja, na sre\u010do ne moremo vplivati in prav tako ne na na\u010din njenega delovanja.<\/p>\n\n\n\n<p><\/p>\n<\/div>\n\n\n\n<div class=\"wp-block-column is-layout-flow wp-block-column-is-layout-flow\" style=\"flex-basis:33%\">\n<div style=\"height:100px\" aria-hidden=\"true\" class=\"wp-block-spacer\"><\/div>\n\n\n\n<figure class=\"wp-block-image size-full\"><img loading=\"lazy\" decoding=\"async\" width=\"770\" height=\"597\" src=\"http:\/\/www.kozmetika-lea.si\/salon\/wp-content\/uploads\/2023\/03\/HEAD-MASSAGE-PHUKET.jpg\" alt=\"\" class=\"wp-image-9\" srcset=\"http:\/\/www.kozmetika-lea.si\/salon\/wp-content\/uploads\/2023\/03\/HEAD-MASSAGE-PHUKET.jpg 770w, http:\/\/www.kozmetika-lea.si\/salon\/wp-content\/uploads\/2023\/03\/HEAD-MASSAGE-PHUKET-300x233.jpg 300w, http:\/\/www.kozmetika-lea.si\/salon\/wp-content\/uploads\/2023\/03\/HEAD-MASSAGE-PHUKET-768x595.jpg 768w\" sizes=\"auto, (max-width: 770px) 100vw, 770px\" \/><\/figure>\n<\/div>\n\n\n\n<div class=\"wp-block-column is-layout-flow wp-block-column-is-layout-flow\" style=\"flex-basis:33.62%\">\n<figure class=\"wp-block-image size-full\"><img loading=\"lazy\" decoding=\"async\" width=\"620\" height=\"300\" src=\"http:\/\/www.kozmetika-lea.si\/salon\/wp-content\/uploads\/2023\/03\/MassageHome.jpg\" alt=\"\" class=\"wp-image-28\" srcset=\"http:\/\/www.kozmetika-lea.si\/salon\/wp-content\/uploads\/2023\/03\/MassageHome.jpg 620w, http:\/\/www.kozmetika-lea.si\/salon\/wp-content\/uploads\/2023\/03\/MassageHome-300x145.jpg 300w\" sizes=\"auto, (max-width: 620px) 100vw, 620px\" \/><\/figure>\n\n\n\n<p><strong>Limfna drena\u017ea je primerna, ko;<\/strong><\/p>\n\n\n\n<p><\/p>\n\n\n\n<ul class=\"wp-block-list\">\n<li>vam zastaja voda v telesu,<\/li>\n\n\n\n<li>\u017eelite zmanj\u0161ati telesno te\u017eo in dodatno oblikovati va\u0161o postavo,<\/li>\n\n\n\n<li>imate zatekle noge in te\u017eave pri hoji,<\/li>\n\n\n\n<li>imate po\u0161kodbo sklepov in je oteklina vzrok za va\u0161o manj\u0161o gibljivost,<\/li>\n\n\n\n<li>\u017eelite zmanj\u0161ati vsebnost celulita v telesu,<\/li>\n\n\n\n<li>imate te\u017eave z aknasto ko\u017eo ali vas pesti rosacea,<\/li>\n\n\n\n<li>preventiva pri zatekanju nog,<\/li>\n\n\n\n<li>\u017eelite ohraniti tonus ko\u017ee pri huj\u0161anju,<\/li>\n\n\n\n<li>je preventiva va\u0161a prijateljica pri nose\u010dnostnih strijah,<\/li>\n\n\n\n<li>\u017eelite odstraniti toksine iz telesa,<\/li>\n\n\n\n<li>je splo\u0161no zdravje pomembno za vas,<\/li>\n\n\n\n<li>\u017eelimo pospe\u0161iti krvni obtok in na ta na\u010din prepre\u010diti nastanek vnetja ven,<\/li>\n\n\n\n<li>po operacijah, pri katerih se odstranijo bezgavke.<\/li>\n<\/ul>\n<\/div>\n<\/div>\n\n\n\n<p><\/p>\n\n\n\n<p><\/p>\n\n\n\n<p><\/p>\n","protected":false},"excerpt":{"rendered":"<p>Na\u0161a ponudba vklju\u010duje ro\u010dno in strojno limfno drena\u017eo in refleksno masa\u017eo stopal. Limfna drena\u017ea krepi imunski sistem in deluje anti-stresno. Stranski u\u010dinki so lahko zaspanost in pove\u010dano delovanje mehurja, kar pa ni ni\u010d slabega, saj se s tem telo \u010disti. Je zelo enostaven na\u010din zdravljenja s polaganjem rok nase ali na drugo osebo, \u017eival, rastlino [&hellip;]<\/p>\n","protected":false},"author":1,"featured_media":0,"parent":0,"menu_order":0,"comment_status":"closed","ping_status":"closed","template":"","meta":{"footnotes":""},"class_list":["post-139","page","type-page","status-publish","hentry"],"_links":{"self":[{"href":"http:\/\/www.kozmetika-lea.si\/salon\/index.php?rest_route=\/wp\/v2\/pages\/139","targetHints":{"allow":["GET"]}}],"collection":[{"href":"http:\/\/www.kozmetika-lea.si\/salon\/index.php?rest_route=\/wp\/v2\/pages"}],"about":[{"href":"http:\/\/www.kozmetika-lea.si\/salon\/index.php?rest_route=\/wp\/v2\/types\/page"}],"author":[{"embeddable":true,"href":"http:\/\/www.kozmetika-lea.si\/salon\/index.php?rest_route=\/wp\/v2\/users\/1"}],"replies":[{"embeddable":true,"href":"http:\/\/www.kozmetika-lea.si\/salon\/index.php?rest_route=%2Fwp%2Fv2%2Fcomments&post=139"}],"version-history":[{"count":5,"href":"http:\/\/www.kozmetika-lea.si\/salon\/index.php?rest_route=\/wp\/v2\/pages\/139\/revisions"}],"predecessor-version":[{"id":183,"href":"http:\/\/www.kozmetika-lea.si\/salon\/index.php?rest_route=\/wp\/v2\/pages\/139\/revisions\/183"}],"wp:attachment":[{"href":"http:\/\/www.kozmetika-lea.si\/salon\/index.php?rest_route=%2Fwp%2Fv2%2Fmedia&parent=139"}],"curies":[{"name":"wp","href":"https:\/\/api.w.org\/{rel}","templated":true}]}}