{"id":156,"date":"2023-03-12T16:55:28","date_gmt":"2023-03-12T16:55:28","guid":{"rendered":"http:\/\/www.kozmetika-lea.si\/salon\/?page_id=156"},"modified":"2023-04-04T18:45:59","modified_gmt":"2023-04-04T18:45:59","slug":"nege-obraza","status":"publish","type":"page","link":"http:\/\/www.kozmetika-lea.si\/salon\/?page_id=156","title":{"rendered":"Individualne personalizirane nege obraza"},"content":{"rendered":"\n<div class=\"wp-block-columns alignwide is-layout-flex wp-container-core-columns-is-layout-9d6595d7 wp-block-columns-is-layout-flex\">\n<div class=\"wp-block-column is-layout-flow wp-block-column-is-layout-flow\"><\/div>\n<\/div>\n\n\n\n<p>V salonu izvajamo individualne nege obraza z Bdr sistemom. Bdr sistem zdru\u017euje tehnologijo in dermacevtike, ki v medsebojni kombinaciji vodi do u\u010dinkovitih in dolgotrajnih rezultatov. Ponujamo ve\u010d razli\u010dnih neg, ki se prilagodijo vsakemu posamezniku.<\/p>\n\n\n\n<p><br><strong>\u00bbBASIC &amp; SENSITIVE\u00ab TRETMA KO\u017dE<\/strong><br>Tretma je primeren za zelo ob\u010dutljivo, pordelo, preobremenjeno ko\u017eo, ki je nagnjena<br>k alergijam.<br>U\u010dinki:<br>\uf0fc Pomirja in neguje zelo ob\u010dutljivo ko\u017eo<br>\uf0fc U\u010dinkovito in trajno vla\u017ei razdra\u017eeno ko\u017eo in rde\u010dico<br>\uf0fc Luskave in hrapave povr\u0161ine postanejo vidno bolj gladke, mehkej\u0161e in<br>navla\u017eene<br>\uf0fc Krepi odpornost in naravni imunski sistem ko\u017ee<br>Rezultat je uravnote\u017eena, spro\u0161\u010dena in ne\u017ena ko\u017ea s sve\u017eim videzom.<\/p>\n\n\n\n<p><strong>\u00bbCLEAR &amp; FRESH\u00ab KOREKCIJSKI TRETMA<\/strong><br>Posebni tretma, ki je namenjen za mastno in ne\u010disto ko\u017eo.<br>U\u010dinki:<br>\uf0fc U\u010dinkovito zavira razvoj bakterij iz aken<br>\uf0fc Uravnava izlo\u010danje loja, deluje ne\u017eno in protivnetno<br>\uf0fc Skrbi za enakomerno in sve\u017eo ko\u017eo z zmanj\u0161animi porami<br>\uf0fc Dolgotrajno pomirja in \u010disti ko\u017eo<\/p>\n\n\n\n<p><strong>\u00bbCELL REPAIR\u00ab ZA\u0160\u010cITNI TRETMA<\/strong><br>Zaradi kombinacije energijsko bogatih u\u010dinkovin je ta tretma optimalen za razvoj in<br>za\u0161\u010dito ko\u017ee. S pomo\u010djo tretmaja se bleda, utrujena in od sonca po\u0161kodovana ko\u017ea<br>vidno izbolj\u0161a in regenerira.<br>U\u010dinki:<br>\uf0fc Ponovno vzpostavi naravno za\u0161\u010ditno funkcijo ko\u017ee<br>\uf0fc Aktivira regeneracijo ko\u017ee<br>\uf0fc Stimulira celi\u010dno presnovo in mikrocirkulacijo ko\u017ee<br>\uf0fc Obrazne konture delujejo na videz napete, kot da bi bil izveden lifting<br>\uf0fc U\u010dinek je viden in \u010duten ve\u010d ur<\/p>\n\n\n\n<p><strong>\u00bbFOCUS\u00ab POSEBNI TRETMA<\/strong><\/p>\n\n\n\n<p>Pri tem tretmaju smo osredoto\u010deni na posamezne povr\u0161ine ko\u017ee, ki so \u0161e posebej<br>obremenjene, in sicer predeli okrog o\u010di, ustnic, \u010delo in vrat. Tretma izbolj\u0161a videz<br>brazgotin.<br>U\u010dinki:<br>\uf0fc Lokalni predeli gub se trajno zmanj\u0161ajo<br>\uf0fc Tretirano podro\u010dje ko\u017ee je vidno enakomernej\u0161e<br>\uf0fc U\u010dinkovito deluje na utrujeno ko\u017eo in ko\u017eo pod vplivom stresa<br>\uf0fc Mote\u010de gube na ustnicah postanejo vidno bolj gladke<\/p>\n\n\n\n<p><strong>\u00bbFOR MEN ONLY\u00ab ENERGIJSKI IN DINAMI\u010cNI TRETMA<\/strong><br>Zelo intenziven tretma za dinami\u010dnega, uspre\u0161nega in urejenega sodobnega<br>mo\u0161kega.<br>U\u010dinki:<br>\uf0fc U\u010dinkovit in namenski tretma za sve\u017e videz<br>\uf0fc Po\u017eivljajo\u010da sve\u017eina za va\u0161o ko\u017eo<br>\uf0fc Ko\u017ea z pove\u010danimi porami postane enakomernej\u0161a<br>\uf0fc Zmanj\u0161uje gube<\/p>\n\n\n\n<p><\/p>\n","protected":false},"excerpt":{"rendered":"<p>V salonu izvajamo individualne nege obraza z Bdr sistemom. Bdr sistem zdru\u017euje tehnologijo in dermacevtike, ki v medsebojni kombinaciji vodi do u\u010dinkovitih in dolgotrajnih rezultatov. Ponujamo ve\u010d razli\u010dnih neg, ki se prilagodijo vsakemu posamezniku. \u00bbBASIC &amp; SENSITIVE\u00ab TRETMA KO\u017dETretma je primeren za zelo ob\u010dutljivo, pordelo, preobremenjeno ko\u017eo, ki je nagnjenak alergijam.U\u010dinki:\uf0fc Pomirja in neguje zelo [&hellip;]<\/p>\n","protected":false},"author":1,"featured_media":0,"parent":0,"menu_order":0,"comment_status":"closed","ping_status":"closed","template":"","meta":{"footnotes":""},"class_list":["post-156","page","type-page","status-publish","hentry"],"_links":{"self":[{"href":"http:\/\/www.kozmetika-lea.si\/salon\/index.php?rest_route=\/wp\/v2\/pages\/156","targetHints":{"allow":["GET"]}}],"collection":[{"href":"http:\/\/www.kozmetika-lea.si\/salon\/index.php?rest_route=\/wp\/v2\/pages"}],"about":[{"href":"http:\/\/www.kozmetika-lea.si\/salon\/index.php?rest_route=\/wp\/v2\/types\/page"}],"author":[{"embeddable":true,"href":"http:\/\/www.kozmetika-lea.si\/salon\/index.php?rest_route=\/wp\/v2\/users\/1"}],"replies":[{"embeddable":true,"href":"http:\/\/www.kozmetika-lea.si\/salon\/index.php?rest_route=%2Fwp%2Fv2%2Fcomments&post=156"}],"version-history":[{"count":14,"href":"http:\/\/www.kozmetika-lea.si\/salon\/index.php?rest_route=\/wp\/v2\/pages\/156\/revisions"}],"predecessor-version":[{"id":217,"href":"http:\/\/www.kozmetika-lea.si\/salon\/index.php?rest_route=\/wp\/v2\/pages\/156\/revisions\/217"}],"wp:attachment":[{"href":"http:\/\/www.kozmetika-lea.si\/salon\/index.php?rest_route=%2Fwp%2Fv2%2Fmedia&parent=156"}],"curies":[{"name":"wp","href":"https:\/\/api.w.org\/{rel}","templated":true}]}}