{"id":66,"date":"2023-03-12T11:07:48","date_gmt":"2023-03-12T11:07:48","guid":{"rendered":"http:\/\/www.kozmetika-lea.si\/salon\/?page_id=66"},"modified":"2023-04-06T17:56:04","modified_gmt":"2023-04-06T17:56:04","slug":"mikropigmentacija","status":"publish","type":"page","link":"http:\/\/www.kozmetika-lea.si\/salon\/?page_id=66","title":{"rendered":"Mikropigmentacija"},"content":{"rendered":"\n<p><strong>Mikropigmentacija<\/strong><\/p>\n\n\n\n<p>\u017divimo v obdobju, v katerem je na\u0161 videz zelo pomemben. \u017de najmanj\u0161a asimetrija nas zmoti. Z najnovej\u0161im napredkom medicine in estetike smo sposobni dose\u010di videz, ki ste si ga vedno \u017eeleli. Izraznost, jasni obrisi, \u010diste linije in simetrija so vidiki na obrazu, ki jih kot celostno sliko dojemamo pod pojmom lepota.Moderna visokotehnolo\u0161ka mikropigmentacija zanj in zanjo iz hi\u0161e Goldeneye lahko na podlagi sodobnih metod pomaga vsem pri pribli\u017eevanju k osebnemu pojmovanju idealne podobe in pri neopazni ter nevsiljivi korekciji obraznih potez. Popolna mikropigmentacija blagovne znamke Goldeneye dobesedno vsakemu trenutku podeli ve\u010d izraznosti. Podarite va\u0161emu pogledu ve\u010d globine, va\u0161im ustnicam idealne linije in va\u0161emu obrazu z optimalno obliko obrvi lep in harmoni\u010den okvir. Sanje o tak\u0161ni lepoti so trajne in vas bodo spremljale z gotovostjo \u2013 zmeraj in povsod.<\/p>\n\n\n\n<p>Ustnice<\/p>\n\n\n\n<p>Ustnice niso brez razloga ultimativni izraz \u010dutnosti. Veliko ustnic utrpi posledice brazgotin zaradi herpesa, \u00bbscefranih\u00ab obrisov ali jim enostavno manjka volumna. Z razli\u010dnimi tehnikami sen\u010denja in \u0161tevilnimi barvnimi odtenki je mogo\u010de dose\u010di optimalno korekcijo oblike, barve in volumna. Rezultat so povsem naravne in pre\u010dudovite ustnice.<\/p>\n\n\n\n<figure class=\"wp-block-image size-full\"><img loading=\"lazy\" decoding=\"async\" width=\"1414\" height=\"1414\" src=\"http:\/\/www.kozmetika-lea.si\/salon\/wp-content\/uploads\/2023\/04\/ustnice.png\" alt=\"\" class=\"wp-image-231\"\/><\/figure>\n\n\n\n<p>O\u010di<\/p>\n\n\n\n<p>O\u010di so pregovorno na\u0161a vrata do du\u0161e. Preko stika z o\u010dmi se v del\u010dkih sekunde odlo\u010dimo o simpati\u010dnosti in povezanosti z drugo osebo. Mo\u017enosti, da z mikropigmentacijo poudarite in polep\u0161ate o\u010di, so velike. Od nevpadljive, naravne zgostitve trepalnic z eyelinerjem do seksi videza v slogu \u00bbsmokey eyes\u00ab obstaja velika izbira mo\u017enosti in variacij. Tehnike opti\u010dnega u\u010dinkovanja proti staranju, ki bodo va\u0161e o\u010di pomladile in korigirale, so seveda tudi del tega repertoarja.<\/p>\n\n\n\n<p>Z natan\u010dno korekturno mikropigmentacijo lahko izena\u010dimo neopazno opti\u010dno os in tako pogledu dodamo kontrast ter globino. Pri opti\u010dni zgostitvi trepalnic med njimi ri\u0161emo majhne pike. Te posledi\u010dno delujejo polnej\u0161e in temnej\u0161e, pogled v celoti postane izrazitej\u0161i. Eyeliner dodatno oja\u010da u\u010dinek zgostitve trepalnic, kar bo npr. zelo zadovoljilo vse \u017eenske, ki nosijo o\u010dala. Slavne \u00bbsmokey eyes\u00ab se opirajo na istoimensko tehniko li\u010denja in podelijo o\u010dem pridih skrivnostnosti, saj korigirajo opti\u010dno os za malenkost navzgor. Na slikah se zelo dobro vidi, koliko globine, kontrasta in izraznosti premorejo podeliti te tehnike.<\/p>\n\n\n\n<p>Obrvi<\/p>\n\n\n\n<p>Obrvi so mnogokrat podcenjene v vlogi nosilca izraznosti obraza. Obrazu dajo okvir in dolo\u010dajo pomembne linije ter \u010dustvene poteze. \u0160ele s popolnimi linijami se optimalno odpre pogled, ki daje obrazu elegantno podobo. Za doseganje navidezno naravne slike dla\u010dic se uporabljajo razli\u010dne tehnike risanja. Da bi ta u\u010dinek \u0161e stopnjevali, deloma uporabljamo tudi ve\u010dkratno barvno sen\u010denje. Pri delu posku\u0161amo izena\u010diti obe obrvi tako po vi\u0161ini kot obliki, da se na ta na\u010din ka\u0161irajo morebitne neenakosti in da postane obraz karseda simetri\u010den, saj s tem znanstveno dokazano v veliki meri prispevamo k privla\u010dnosti. Na slikah lahko to zelo dobro opazite.&nbsp;<\/p>\n\n\n\n<p>\u017divimo v obdobju, v katerem je na\u0161 videz zelo pomemben. \u017de najmanj\u0161a asimetrija nas zmoti. Z najnovej\u0161im napredkom medicine in estetike smo sposobni dose\u010di videz, ki ste si ga vedno \u017eeleli.<\/p>\n\n\n\n<figure class=\"wp-block-gallery has-nested-images columns-default is-cropped wp-block-gallery-1 is-layout-flex wp-block-gallery-is-layout-flex\">\n<figure class=\"wp-block-image size-large\"><img loading=\"lazy\" decoding=\"async\" width=\"1024\" height=\"1024\" data-id=\"114\" src=\"http:\/\/www.kozmetika-lea.si\/salon\/wp-content\/uploads\/2023\/03\/120231110_201380924748166_8421629030828883124_n-1024x1024.jpg\" alt=\"\" class=\"wp-image-114\" srcset=\"http:\/\/www.kozmetika-lea.si\/salon\/wp-content\/uploads\/2023\/03\/120231110_201380924748166_8421629030828883124_n-1024x1024.jpg 1024w, http:\/\/www.kozmetika-lea.si\/salon\/wp-content\/uploads\/2023\/03\/120231110_201380924748166_8421629030828883124_n-300x300.jpg 300w, http:\/\/www.kozmetika-lea.si\/salon\/wp-content\/uploads\/2023\/03\/120231110_201380924748166_8421629030828883124_n-150x150.jpg 150w, http:\/\/www.kozmetika-lea.si\/salon\/wp-content\/uploads\/2023\/03\/120231110_201380924748166_8421629030828883124_n-768x768.jpg 768w, http:\/\/www.kozmetika-lea.si\/salon\/wp-content\/uploads\/2023\/03\/120231110_201380924748166_8421629030828883124_n-1536x1536.jpg 1536w, http:\/\/www.kozmetika-lea.si\/salon\/wp-content\/uploads\/2023\/03\/120231110_201380924748166_8421629030828883124_n.jpg 1671w\" sizes=\"auto, (max-width: 1024px) 100vw, 1024px\" \/><\/figure>\n\n\n\n<figure class=\"wp-block-image size-large\"><img loading=\"lazy\" decoding=\"async\" width=\"1000\" height=\"667\" data-id=\"113\" src=\"http:\/\/www.kozmetika-lea.si\/salon\/wp-content\/uploads\/2023\/03\/IMG_2107.jpg\" alt=\"\" class=\"wp-image-113\" srcset=\"http:\/\/www.kozmetika-lea.si\/salon\/wp-content\/uploads\/2023\/03\/IMG_2107.jpg 1000w, http:\/\/www.kozmetika-lea.si\/salon\/wp-content\/uploads\/2023\/03\/IMG_2107-300x200.jpg 300w, http:\/\/www.kozmetika-lea.si\/salon\/wp-content\/uploads\/2023\/03\/IMG_2107-768x512.jpg 768w\" sizes=\"auto, (max-width: 1000px) 100vw, 1000px\" \/><\/figure>\n\n\n\n<figure class=\"wp-block-image size-large\"><img loading=\"lazy\" decoding=\"async\" width=\"1024\" height=\"147\" data-id=\"164\" src=\"http:\/\/www.kozmetika-lea.si\/salon\/wp-content\/uploads\/2023\/03\/cropped-8d1a4592c61c43fdbbdb1550b1d2d9d8-1024x147.webp\" alt=\"\" class=\"wp-image-164\" srcset=\"http:\/\/www.kozmetika-lea.si\/salon\/wp-content\/uploads\/2023\/03\/cropped-8d1a4592c61c43fdbbdb1550b1d2d9d8-1024x147.webp 1024w, http:\/\/www.kozmetika-lea.si\/salon\/wp-content\/uploads\/2023\/03\/cropped-8d1a4592c61c43fdbbdb1550b1d2d9d8-300x43.webp 300w, http:\/\/www.kozmetika-lea.si\/salon\/wp-content\/uploads\/2023\/03\/cropped-8d1a4592c61c43fdbbdb1550b1d2d9d8-768x110.webp 768w, http:\/\/www.kozmetika-lea.si\/salon\/wp-content\/uploads\/2023\/03\/cropped-8d1a4592c61c43fdbbdb1550b1d2d9d8-1536x221.webp 1536w, http:\/\/www.kozmetika-lea.si\/salon\/wp-content\/uploads\/2023\/03\/cropped-8d1a4592c61c43fdbbdb1550b1d2d9d8.webp 1600w\" sizes=\"auto, (max-width: 1024px) 100vw, 1024px\" \/><\/figure>\n<\/figure>\n\n\n\n<div class=\"wp-block-buttons is-layout-flex wp-block-buttons-is-layout-flex\"><\/div>\n\n\n\n<div class=\"wp-block-group has-white-background-color has-background\" style=\"padding-top:var(--wp--preset--spacing--80);padding-right:0;padding-bottom:var(--wp--preset--spacing--80);padding-left:0\"><div class=\"wp-block-group__inner-container is-layout-flow wp-block-group-is-layout-flow\"><h1 style=\"font-style:normal;font-weight:700;\" class=\"has-text-align-center wp-block-site-title has-medium-font-size\"><a href=\"http:\/\/www.kozmetika-lea.si\/salon\" target=\"_self\" rel=\"home\">Salon kozmetika LEA<\/a><\/h1>\n\n\n\n\n<div style=\"height:20px\" aria-hidden=\"true\" class=\"wp-block-spacer\"><\/div>\n\n\n\n<div class=\"wp-block-buttons is-content-justification-center is-layout-flex wp-container-core-buttons-is-layout-16018d1d wp-block-buttons-is-layout-flex\">\n<div class=\"wp-block-button has-custom-width wp-block-button__width-100\"><a class=\"wp-block-button__link wp-element-button\" href=\"http:\/\/www.kozmetika-lea.si\/salon\/2023\/03\/10\/hello-world\/\">Kaj je mikropigmentacija<\/a><\/div>\n\n\n\n<div class=\"wp-block-button has-custom-width wp-block-button__width-100\"><a class=\"wp-block-button__link wp-element-button\" href=\"http:\/\/www.kozmetika-lea.si\/salon\/2023\/03\/12\/pogosta-vprasanja\/\">Pogosta vpra\u0161anja<\/a><\/div>\n\n\n\n\n<\/div>\n\n\n\n<ul class=\"wp-block-social-links has-normal-icon-size has-icon-color has-icon-background-color is-content-justification-center is-layout-flex wp-container-core-social-links-is-layout-16450288 wp-block-social-links-is-layout-flex\" style=\"padding-top:var(--wp--preset--spacing--60);padding-bottom:var(--wp--preset--spacing--60)\"><li style=\"color:#000000;background-color:#ffffff;\" class=\"wp-social-link wp-social-link-instagram has-black-color has-white-background-color wp-block-social-link\"><a href=\"https:\/\/www.instagram.com\/kozmetikamikropigmentacijalea\/\" class=\"wp-block-social-link-anchor\"><svg width=\"24\" height=\"24\" viewBox=\"0 0 24 24\" version=\"1.1\" xmlns=\"http:\/\/www.w3.org\/2000\/svg\" aria-hidden=\"true\" focusable=\"false\"><path d=\"M12,4.622c2.403,0,2.688,0.009,3.637,0.052c0.877,0.04,1.354,0.187,1.671,0.31c0.42,0.163,0.72,0.358,1.035,0.673 c0.315,0.315,0.51,0.615,0.673,1.035c0.123,0.317,0.27,0.794,0.31,1.671c0.043,0.949,0.052,1.234,0.052,3.637 s-0.009,2.688-0.052,3.637c-0.04,0.877-0.187,1.354-0.31,1.671c-0.163,0.42-0.358,0.72-0.673,1.035 c-0.315,0.315-0.615,0.51-1.035,0.673c-0.317,0.123-0.794,0.27-1.671,0.31c-0.949,0.043-1.233,0.052-3.637,0.052 s-2.688-0.009-3.637-0.052c-0.877-0.04-1.354-0.187-1.671-0.31c-0.42-0.163-0.72-0.358-1.035-0.673 c-0.315-0.315-0.51-0.615-0.673-1.035c-0.123-0.317-0.27-0.794-0.31-1.671C4.631,14.688,4.622,14.403,4.622,12 s0.009-2.688,0.052-3.637c0.04-0.877,0.187-1.354,0.31-1.671c0.163-0.42,0.358-0.72,0.673-1.035 c0.315-0.315,0.615-0.51,1.035-0.673c0.317-0.123,0.794-0.27,1.671-0.31C9.312,4.631,9.597,4.622,12,4.622 M12,3 C9.556,3,9.249,3.01,8.289,3.054C7.331,3.098,6.677,3.25,6.105,3.472C5.513,3.702,5.011,4.01,4.511,4.511 c-0.5,0.5-0.808,1.002-1.038,1.594C3.25,6.677,3.098,7.331,3.054,8.289C3.01,9.249,3,9.556,3,12c0,2.444,0.01,2.751,0.054,3.711 c0.044,0.958,0.196,1.612,0.418,2.185c0.23,0.592,0.538,1.094,1.038,1.594c0.5,0.5,1.002,0.808,1.594,1.038 c0.572,0.222,1.227,0.375,2.185,0.418C9.249,20.99,9.556,21,12,21s2.751-0.01,3.711-0.054c0.958-0.044,1.612-0.196,2.185-0.418 c0.592-0.23,1.094-0.538,1.594-1.038c0.5-0.5,0.808-1.002,1.038-1.594c0.222-0.572,0.375-1.227,0.418-2.185 C20.99,14.751,21,14.444,21,12s-0.01-2.751-0.054-3.711c-0.044-0.958-0.196-1.612-0.418-2.185c-0.23-0.592-0.538-1.094-1.038-1.594 c-0.5-0.5-1.002-0.808-1.594-1.038c-0.572-0.222-1.227-0.375-2.185-0.418C14.751,3.01,14.444,3,12,3L12,3z M12,7.378 c-2.552,0-4.622,2.069-4.622,4.622S9.448,16.622,12,16.622s4.622-2.069,4.622-4.622S14.552,7.378,12,7.378z M12,15 c-1.657,0-3-1.343-3-3s1.343-3,3-3s3,1.343,3,3S13.657,15,12,15z M16.804,6.116c-0.596,0-1.08,0.484-1.08,1.08 s0.484,1.08,1.08,1.08c0.596,0,1.08-0.484,1.08-1.08S17.401,6.116,16.804,6.116z\"><\/path><\/svg><span class=\"wp-block-social-link-label screen-reader-text\">Instagram<\/span><\/a><\/li>\n\n<li style=\"color:#000000;background-color:#ffffff;\" class=\"wp-social-link wp-social-link-bandcamp has-black-color has-white-background-color wp-block-social-link\"><a href=\"https:\/\/wordpress.org\/patterns\/\" class=\"wp-block-social-link-anchor\"><svg width=\"24\" height=\"24\" viewBox=\"0 0 24 24\" version=\"1.1\" xmlns=\"http:\/\/www.w3.org\/2000\/svg\" aria-hidden=\"true\" focusable=\"false\"><path d=\"M15.27 17.289 3 17.289 8.73 6.711 21 6.711 15.27 17.289\"><\/path><\/svg><span class=\"wp-block-social-link-label screen-reader-text\">Bandcamp<\/span><\/a><\/li>\n\n<li style=\"color:#000000;background-color:#ffffff;\" class=\"wp-social-link wp-social-link-twitter has-black-color has-white-background-color wp-block-social-link\"><a href=\"https:\/\/wordpress.org\/patterns\/\" class=\"wp-block-social-link-anchor\"><svg width=\"24\" height=\"24\" viewBox=\"0 0 24 24\" version=\"1.1\" xmlns=\"http:\/\/www.w3.org\/2000\/svg\" aria-hidden=\"true\" focusable=\"false\"><path d=\"M22.23,5.924c-0.736,0.326-1.527,0.547-2.357,0.646c0.847-0.508,1.498-1.312,1.804-2.27 c-0.793,0.47-1.671,0.812-2.606,0.996C18.324,4.498,17.257,4,16.077,4c-2.266,0-4.103,1.837-4.103,4.103 c0,0.322,0.036,0.635,0.106,0.935C8.67,8.867,5.647,7.234,3.623,4.751C3.27,5.357,3.067,6.062,3.067,6.814 c0,1.424,0.724,2.679,1.825,3.415c-0.673-0.021-1.305-0.206-1.859-0.513c0,0.017,0,0.034,0,0.052c0,1.988,1.414,3.647,3.292,4.023 c-0.344,0.094-0.707,0.144-1.081,0.144c-0.264,0-0.521-0.026-0.772-0.074c0.522,1.63,2.038,2.816,3.833,2.85 c-1.404,1.1-3.174,1.756-5.096,1.756c-0.331,0-0.658-0.019-0.979-0.057c1.816,1.164,3.973,1.843,6.29,1.843 c7.547,0,11.675-6.252,11.675-11.675c0-0.178-0.004-0.355-0.012-0.531C20.985,7.47,21.68,6.747,22.23,5.924z\"><\/path><\/svg><span class=\"wp-block-social-link-label screen-reader-text\">Twitter<\/span><\/a><\/li>\n\n<li style=\"color:#000000;background-color:#ffffff;\" class=\"wp-social-link wp-social-link-twitch has-black-color has-white-background-color wp-block-social-link\"><a href=\"https:\/\/wordpress.org\/patterns\/\" class=\"wp-block-social-link-anchor\"><svg width=\"24\" height=\"24\" viewBox=\"0 0 24 24\" version=\"1.1\" xmlns=\"http:\/\/www.w3.org\/2000\/svg\" aria-hidden=\"true\" focusable=\"false\"><path d=\"M16.499,8.089h-1.636v4.91h1.636V8.089z M12,8.089h-1.637v4.91H12V8.089z M4.228,3.178L3,6.451v13.092h4.499V22h2.456 l2.454-2.456h3.681L21,14.636V3.178H4.228z M19.364,13.816l-2.864,2.865H12l-2.453,2.453V16.68H5.863V4.814h13.501V13.816z\"><\/path><\/svg><span class=\"wp-block-social-link-label screen-reader-text\">Twitch<\/span><\/a><\/li><\/ul>\n<\/div><\/div>\n","protected":false},"excerpt":{"rendered":"<p>Mikropigmentacija \u017divimo v obdobju, v katerem je na\u0161 videz zelo pomemben. \u017de najmanj\u0161a asimetrija nas zmoti. Z najnovej\u0161im napredkom medicine in estetike smo sposobni dose\u010di videz, ki ste si ga vedno \u017eeleli. Izraznost, jasni obrisi, \u010diste linije in simetrija so vidiki na obrazu, ki jih kot celostno sliko dojemamo pod pojmom lepota.Moderna visokotehnolo\u0161ka mikropigmentacija zanj [&hellip;]<\/p>\n","protected":false},"author":1,"featured_media":114,"parent":0,"menu_order":0,"comment_status":"closed","ping_status":"closed","template":"","meta":{"footnotes":""},"class_list":["post-66","page","type-page","status-publish","has-post-thumbnail","hentry"],"_links":{"self":[{"href":"http:\/\/www.kozmetika-lea.si\/salon\/index.php?rest_route=\/wp\/v2\/pages\/66","targetHints":{"allow":["GET"]}}],"collection":[{"href":"http:\/\/www.kozmetika-lea.si\/salon\/index.php?rest_route=\/wp\/v2\/pages"}],"about":[{"href":"http:\/\/www.kozmetika-lea.si\/salon\/index.php?rest_route=\/wp\/v2\/types\/page"}],"author":[{"embeddable":true,"href":"http:\/\/www.kozmetika-lea.si\/salon\/index.php?rest_route=\/wp\/v2\/users\/1"}],"replies":[{"embeddable":true,"href":"http:\/\/www.kozmetika-lea.si\/salon\/index.php?rest_route=%2Fwp%2Fv2%2Fcomments&post=66"}],"version-history":[{"count":12,"href":"http:\/\/www.kozmetika-lea.si\/salon\/index.php?rest_route=\/wp\/v2\/pages\/66\/revisions"}],"predecessor-version":[{"id":232,"href":"http:\/\/www.kozmetika-lea.si\/salon\/index.php?rest_route=\/wp\/v2\/pages\/66\/revisions\/232"}],"wp:featuredmedia":[{"embeddable":true,"href":"http:\/\/www.kozmetika-lea.si\/salon\/index.php?rest_route=\/wp\/v2\/media\/114"}],"wp:attachment":[{"href":"http:\/\/www.kozmetika-lea.si\/salon\/index.php?rest_route=%2Fwp%2Fv2%2Fmedia&parent=66"}],"curies":[{"name":"wp","href":"https:\/\/api.w.org\/{rel}","templated":true}]}}